{"id":2751510,"date":"2021-06-15T20:17:39","date_gmt":"2021-06-15T20:17:39","guid":{"rendered":"https:\/\/bouletboots.com\/faq-fr\/"},"modified":"2026-02-23T15:57:10","modified_gmt":"2026-02-23T19:57:10","slug":"faq-fr","status":"publish","type":"page","link":"https:\/\/bouletboots.com\/fr\/faq-fr\/","title":{"rendered":"FAQ-FR"},"content":{"rendered":"<p>[vc_row][vc_column][vc_toggle title=&#8221;Les bottes ressembleront-elles exactement aux photos ?&#8221; style=&#8221;round&#8221;]<span data-teams=\"true\">Contrairement aux mati\u00e8res synth\u00e9tiques, le cuir v\u00e9ritable est une mati\u00e8re naturelle dont la couleur peut varier d&#8217;un lot \u00e0 l&#8217;autre. Par cons\u00e9quent, la couleur du cuir peut diff\u00e9rer l\u00e9g\u00e8rement des photos, chaque peau \u00e9tant unique.<\/span>[\/vc_toggle][vc_toggle title=&#8221;Les bottes Boulet conviennent-elles de la m\u00eame mani\u00e8re que les autres entreprises?&#8221; style=&#8221;round&#8221;]Les bottes Boulet s\u2019adapte \u00e0 environ une demi-taille plus grande que les autres entreprises. Par exemple, si vous portez normalement une taille 10 dans d\u2019autres marques, vous devriez envisager de prendre une taille 9.5 dans Boulet.<\/p>\n<p>Les pieds de chacun sont diff\u00e9rents, il peut donc y avoir des exceptions, mais c\u2019est g\u00e9n\u00e9ralement la r\u00e8gle de base pour les bottes Boulet.[\/vc_toggle][vc_toggle title=&#8221;Si je commande des bottes \u00e0 partir de www.bouletboots.com\/fr quelle est la politique de retour? \/ Si j\u2019ach\u00e8te une paire de bottes Boulet dans un magasin, quelle est la politique de retour?&#8221; style=&#8221;round&#8221;]Si vous deviez commander des bottes directement \u00e0 partir de notre site web www.bouletboots.com\/fr et que vous souhaitez les retourner contre un remboursement ou les \u00e9changer contre une taille diff\u00e9rente dans le m\u00eame mod\u00e8le, veuillez nous \u00e9crire et nous vous fournirons des instructions et un num\u00e9ro d\u2019autorisation de retour.<br \/>\nIl y aura une feuille \u00e0 l\u2019int\u00e9rieur de la bo\u00eete avec vos bottes, avec une adresse e-mail \u00e0 laquelle vous pouvez \u00e9crire.<br \/>\nS\u2019il vous pla\u00eet ne retournez rien sans recevoir des instructions et un num\u00e9ro de RA de notre part d\u2019abord.<\/p>\n<p>Veuillez noter que seules les bottes non port\u00e9es et neuves peuvent nous \u00eatre retourn\u00e9es. Le co\u00fbt pour nous retourner les bottes sera \u00e0 vos frais.<\/p>\n<p>Si vous achetez une paire de bottes Boulet dans un magasin, vous devez contacter le m\u00eame magasin si jamais vous avez des probl\u00e8mes.[\/vc_toggle][vc_toggle title=&#8221;Comment dois-je prendre soin de mes bottes? Quels produits dois-je utiliser sur mes bottes?&#8221; style=&#8221;round&#8221;]Nous vous sugg\u00e9rons d\u2019essuyer vos bottes avec un chiffon non abrasif (avec un peu d\u2019eau si n\u00e9cessaire) pour vous d\u00e9barrasser de toute salet\u00e9. Ne les s\u00e9chez pas directement ou trop pr\u00e8s ou\/sur une surface chaude. Ne les mettez pas \u00e0 la lumi\u00e8re directe du soleil pour les s\u00e9cher.<\/p>\n<p>Vos bottes ont d\u00e9j\u00e0 \u00e9t\u00e9 trait\u00e9es. Nous vous recommandons, apr\u00e8s les avoir port\u00e9s pendant quelques semaines ou plusieurs jours, de faire ce qui suit (essayez toujours le produit sur un petit endroit discret sur la botte, avant de les appliquer partout):<\/p>\n<p>Vous pouvez les traiter avec une cr\u00e8me ou une cire de botte neutre pour emp\u00eacher le cuir de s\u00e9cher au fil du temps et de les garder beaux.<\/p>\n<p>Si vous allez les porter dans beaucoup de conditions humides, vous pouvez utiliser quelque chose comme de la cire d&#8217;abeille.<\/p>\n<p>L\u2019huile de vison est \u00e9galement tr\u00e8s efficace, lorsqu\u2019elle est port\u00e9e dans des environnements humides, mais soyez prudent car elle peut assombrir le cuir et le cuir pourrait rester gras et collant.[\/vc_toggle][vc_toggle title=&#8221;Si je suis un homme qui cherche \u00e0 acheter une paire de bottes Boulet pour femmes pour moi-m\u00eame parce que je peux avoir besoin d\u2019une taille plus petite, quelle taille dois-je prendre? Si je suis une femme qui cherche \u00e0 acheter une paire de bottes Boulet pour hommes pour moi-m\u00eame parce que je peux avoir des pieds plus large, quelle taille dois-je prendre?&#8221; style=&#8221;round&#8221;]Si vous \u00eates un homme qui cherche \u00e0 acheter une botte pour femmes, vous devez envisager de prendre une demi taille plus grande que ce que vous porteriez normalement dans une botte Boulet pour hommes.<\/p>\n<p>Par exemple, si vous portez une taille 7 dans une botte Boulet pour hommes, vous devrez envisager de prendre une taille 8.5 dans une botte Boulet pour femmes.<\/p>\n<p>Si vous \u00eates une femme qui cherche \u00e0 acheter une botte pour hommes, alors vous devez envisager de prendre une demi taille plus petite que ce que vous porteriez normalement dans une botte Boulet pour femmes.<\/p>\n<p>Par exemple, si vous portez une taille 8 dans une botte Boulet pour femmes, vous devrez envisager de prendre une taille 6.5 dans une botte Boulet pour hommes.<\/p>\n<p>La largeur E standard des hommes sera plus large que la largeur C standard pour les femmes.[\/vc_toggle][vc_toggle title=&#8221;\u00c0 quoi ressemblent les diff\u00e9rents types de talons, bouts et de semelles?&#8221; style=&#8221;round&#8221;]<img loading=\"lazy\" decoding=\"async\" class=\"alignnone size-medium wp-image-10563381\" src=\"https:\/\/bouletboots.com\/wp-content\/uploads\/2025\/01\/image-4-300x227.png\" alt=\"\" width=\"300\" height=\"227\" srcset=\"https:\/\/bouletboots.com\/wp-content\/uploads\/2025\/01\/image-4-300x227.png 300w, https:\/\/bouletboots.com\/wp-content\/uploads\/2025\/01\/image-4-269x204.png 269w, https:\/\/bouletboots.com\/wp-content\/uploads\/2025\/01\/image-4.png 347w\" sizes=\"(max-width: 300px) 100vw, 300px\" \/><img loading=\"lazy\" decoding=\"async\" class=\"alignnone wp-image-5843462\" src=\"https:\/\/bouletboots.com\/wp-content\/uploads\/2022\/11\/bout-206x300.png\" alt=\"\" width=\"190\" height=\"277\" srcset=\"https:\/\/bouletboots.com\/wp-content\/uploads\/2022\/11\/bout-206x300.png 206w, https:\/\/bouletboots.com\/wp-content\/uploads\/2022\/11\/bout-269x392.png 269w, https:\/\/bouletboots.com\/wp-content\/uploads\/2022\/11\/bout.png 449w\" sizes=\"(max-width: 190px) 100vw, 190px\" \/><img loading=\"lazy\" decoding=\"async\" class=\"alignnone size-medium wp-image-10563383\" src=\"https:\/\/bouletboots.com\/wp-content\/uploads\/2025\/01\/image-5-93x300.png\" alt=\"\" width=\"93\" height=\"300\" srcset=\"https:\/\/bouletboots.com\/wp-content\/uploads\/2025\/01\/image-5-93x300.png 93w, https:\/\/bouletboots.com\/wp-content\/uploads\/2025\/01\/image-5.png 254w\" sizes=\"(max-width: 93px) 100vw, 93px\" \/>[\/vc_toggle][vc_toggle title=&#8221;Quel type de semelle est la Semelle Rider Boulet?&#8221; style=&#8221;round&#8221;]La Semelle Rider Boulet est une semelle en caoutchouc.[\/vc_toggle][vc_toggle title=&#8221;Quel type de semelle est la Semelle de Cuir Inject\u00e9?&#8221; style=&#8221;round&#8221;]La semelle de cuir inject\u00e9 est une semelle en cuir qui a une section en caoutchouc au milieu. Cela vous donne l\u2019avantage d\u2019une semelle en cuir, mais avec un peu plus de traction et de r\u00e9sistance \u00e0 l\u2019abrasion.[\/vc_toggle][vc_toggle title=&#8221;Quel type de semelle est la Semelle Extralight Boulet?&#8221; style=&#8221;round&#8221;]La semelle Extralight Boulet est une semelle souple et semblable \u00e0 une \u00e9ponge. L\u2019avantage de cette semelle est qu\u2019elle est tr\u00e8s l\u00e9g\u00e8re et tr\u00e8s confortable. Ce n\u2019est pas une semelle de travail.[\/vc_toggle][vc_toggle title=&#8221;O\u00f9 puis-je trouver un magasin qui vend des bottes Boulet?&#8221; style=&#8221;round&#8221;]Vous pouvez trouver un magasin le plus pr\u00e8s de chez vous qui vend des bottes Boulet ici sur notre site web dans la section \u00ab D\u00e9taillants\u00bb.<br \/>\nNous n\u2019avons pas l\u2019inventaire du magasin, vous devez donc contacter le magasin afin de savoir s\u2019ils ont ce que vous cherchez.[\/vc_toggle][vc_toggle title=&#8221;Faites-vous des commandes personnalis\u00e9es?&#8221; style=&#8221;round&#8221;]Malheureusement, nous ne faisons pas de commandes personnalis\u00e9es.[\/vc_toggle][vc_toggle title=&#8221;Si je poss\u00e8de d\u00e9j\u00e0 une paire de bottes Boulet et que je souhaite acheter une nouvelle paire, dois-je prendre la m\u00eame taille et la m\u00eame largeur?&#8221; style=&#8221;round&#8221;]Oui, vous devez rester dans la m\u00eame taille et la m\u00eame largeur que la paire de bottes Boulet que vous poss\u00e9dez d\u00e9j\u00e0.<\/p>\n<p>Le seul moment o\u00f9 vous devrez peut-\u00eatre prendre une demi taille plus petite ou plus grande est si vous pr\u00e9voyez de choisir une paire avec un bout diff\u00e9rent de la paire que vous avez d\u00e9j\u00e0.<\/p>\n<p>Par exemple, si vous poss\u00e9dez d\u00e9j\u00e0 une paire avec un bout cowboy et que vous cherchez \u00e0 acheter une paire avec un bout carr\u00e9 large, vous devriez envisager de prendre une demi taille plus petite.[\/vc_toggle][\/vc_column][\/vc_row]<\/p>\n","protected":false},"excerpt":{"rendered":"<p>[vc_row][vc_column][vc_toggle title=&#8221;Les bottes ressembleront-elles exactement aux photos ?&#8221; style=&#8221;round&#8221;]Contrairement aux mati\u00e8res synth\u00e9tiques, le cuir v\u00e9ritable est une mati\u00e8re naturelle dont la couleur peut varier d&#8217;un lot \u00e0 l&#8217;autre. Par cons\u00e9quent, la couleur du cuir peut diff\u00e9rer l\u00e9g\u00e8rement des photos, chaque peau \u00e9tant unique.[\/vc_toggle][vc_toggle title=&#8221;Les bottes Boulet conviennent-elles de la m\u00eame mani\u00e8re que les autres entreprises?&#8221; [&hellip;]<\/p>\n","protected":false},"author":4,"featured_media":0,"parent":0,"menu_order":0,"comment_status":"closed","ping_status":"closed","template":"","meta":{"footnotes":""},"yoast_head":"<!-- This site is optimized with the Yoast SEO plugin v22.4 - https:\/\/yoast.com\/wordpress\/plugins\/seo\/ -->\n<title>FAQ-FR | Boulet Boots\u00ae<\/title>\n<meta name=\"robots\" content=\"index, follow, max-snippet:-1, max-image-preview:large, max-video-preview:-1\" \/>\n<link rel=\"canonical\" href=\"https:\/\/bouletboots.com\/fr\/faq-fr\/\" \/>\n<meta property=\"og:locale\" content=\"fr_FR\" \/>\n<meta property=\"og:type\" content=\"article\" \/>\n<meta property=\"og:title\" content=\"FAQ-FR | Boulet Boots\u00ae\" \/>\n<meta property=\"og:description\" content=\"[vc_row][vc_column][vc_toggle title=&#8221;Les bottes ressembleront-elles exactement aux photos ?&#8221; style=&#8221;round&#8221;]Contrairement aux mati\u00e8res synth\u00e9tiques, le cuir v\u00e9ritable est une mati\u00e8re naturelle dont la couleur peut varier d&#8217;un lot \u00e0 l&#8217;autre. Par cons\u00e9quent, la couleur du cuir peut diff\u00e9rer l\u00e9g\u00e8rement des photos, chaque peau \u00e9tant unique.[\/vc_toggle][vc_toggle title=&#8221;Les bottes Boulet conviennent-elles de la m\u00eame mani\u00e8re que les autres entreprises?&#8221; [&hellip;]\" \/>\n<meta property=\"og:url\" content=\"https:\/\/bouletboots.com\/fr\/faq-fr\/\" \/>\n<meta property=\"og:site_name\" content=\"Boulet Boots\u00ae\" \/>\n<meta property=\"article:modified_time\" content=\"2026-02-23T19:57:10+00:00\" \/>\n<meta property=\"og:image\" content=\"https:\/\/bouletboots.com\/wp-content\/uploads\/2025\/01\/image-4-300x227.png\" \/>\n<meta name=\"twitter:card\" content=\"summary_large_image\" \/>\n<meta name=\"twitter:label1\" content=\"Dur\u00e9e de lecture estim\u00e9e\" \/>\n\t<meta name=\"twitter:data1\" content=\"5 minutes\" \/>\n<script type=\"application\/ld+json\" class=\"yoast-schema-graph\">{\"@context\":\"https:\/\/schema.org\",\"@graph\":[{\"@type\":\"WebPage\",\"@id\":\"https:\/\/bouletboots.com\/fr\/faq-fr\/\",\"url\":\"https:\/\/bouletboots.com\/fr\/faq-fr\/\",\"name\":\"FAQ-FR | Boulet Boots\u00ae\",\"isPartOf\":{\"@id\":\"https:\/\/bouletboots.com\/fr\/#website\"},\"primaryImageOfPage\":{\"@id\":\"https:\/\/bouletboots.com\/fr\/faq-fr\/#primaryimage\"},\"image\":{\"@id\":\"https:\/\/bouletboots.com\/fr\/faq-fr\/#primaryimage\"},\"thumbnailUrl\":\"https:\/\/bouletboots.com\/wp-content\/uploads\/2025\/01\/image-4-300x227.png\",\"datePublished\":\"2021-06-15T20:17:39+00:00\",\"dateModified\":\"2026-02-23T19:57:10+00:00\",\"breadcrumb\":{\"@id\":\"https:\/\/bouletboots.com\/fr\/faq-fr\/#breadcrumb\"},\"inLanguage\":\"fr-FR\",\"potentialAction\":[{\"@type\":\"ReadAction\",\"target\":[\"https:\/\/bouletboots.com\/fr\/faq-fr\/\"]}]},{\"@type\":\"ImageObject\",\"inLanguage\":\"fr-FR\",\"@id\":\"https:\/\/bouletboots.com\/fr\/faq-fr\/#primaryimage\",\"url\":\"https:\/\/bouletboots.com\/wp-content\/uploads\/2025\/01\/image-4-300x227.png\",\"contentUrl\":\"https:\/\/bouletboots.com\/wp-content\/uploads\/2025\/01\/image-4-300x227.png\"},{\"@type\":\"BreadcrumbList\",\"@id\":\"https:\/\/bouletboots.com\/fr\/faq-fr\/#breadcrumb\",\"itemListElement\":[{\"@type\":\"ListItem\",\"position\":1,\"name\":\"Accueil\",\"item\":\"https:\/\/bouletboots.com\/fr\/home\/\"},{\"@type\":\"ListItem\",\"position\":2,\"name\":\"FAQ-FR\"}]},{\"@type\":\"WebSite\",\"@id\":\"https:\/\/bouletboots.com\/fr\/#website\",\"url\":\"https:\/\/bouletboots.com\/fr\/\",\"name\":\"Boulet Boots\u00ae\",\"description\":\"High Quality Cowboy Boots\",\"potentialAction\":[{\"@type\":\"SearchAction\",\"target\":{\"@type\":\"EntryPoint\",\"urlTemplate\":\"https:\/\/bouletboots.com\/fr\/?s={search_term_string}\"},\"query-input\":\"required name=search_term_string\"}],\"inLanguage\":\"fr-FR\"}]}<\/script>\n<!-- \/ Yoast SEO plugin. -->","yoast_head_json":{"title":"FAQ-FR | Boulet Boots\u00ae","robots":{"index":"index","follow":"follow","max-snippet":"max-snippet:-1","max-image-preview":"max-image-preview:large","max-video-preview":"max-video-preview:-1"},"canonical":"https:\/\/bouletboots.com\/fr\/faq-fr\/","og_locale":"fr_FR","og_type":"article","og_title":"FAQ-FR | Boulet Boots\u00ae","og_description":"[vc_row][vc_column][vc_toggle title=&#8221;Les bottes ressembleront-elles exactement aux photos ?&#8221; style=&#8221;round&#8221;]Contrairement aux mati\u00e8res synth\u00e9tiques, le cuir v\u00e9ritable est une mati\u00e8re naturelle dont la couleur peut varier d&#8217;un lot \u00e0 l&#8217;autre. Par cons\u00e9quent, la couleur du cuir peut diff\u00e9rer l\u00e9g\u00e8rement des photos, chaque peau \u00e9tant unique.[\/vc_toggle][vc_toggle title=&#8221;Les bottes Boulet conviennent-elles de la m\u00eame mani\u00e8re que les autres entreprises?&#8221; [&hellip;]","og_url":"https:\/\/bouletboots.com\/fr\/faq-fr\/","og_site_name":"Boulet Boots\u00ae","article_modified_time":"2026-02-23T19:57:10+00:00","og_image":[{"url":"https:\/\/bouletboots.com\/wp-content\/uploads\/2025\/01\/image-4-300x227.png"}],"twitter_card":"summary_large_image","twitter_misc":{"Dur\u00e9e de lecture estim\u00e9e":"5 minutes"},"schema":{"@context":"https:\/\/schema.org","@graph":[{"@type":"WebPage","@id":"https:\/\/bouletboots.com\/fr\/faq-fr\/","url":"https:\/\/bouletboots.com\/fr\/faq-fr\/","name":"FAQ-FR | Boulet Boots\u00ae","isPartOf":{"@id":"https:\/\/bouletboots.com\/fr\/#website"},"primaryImageOfPage":{"@id":"https:\/\/bouletboots.com\/fr\/faq-fr\/#primaryimage"},"image":{"@id":"https:\/\/bouletboots.com\/fr\/faq-fr\/#primaryimage"},"thumbnailUrl":"https:\/\/bouletboots.com\/wp-content\/uploads\/2025\/01\/image-4-300x227.png","datePublished":"2021-06-15T20:17:39+00:00","dateModified":"2026-02-23T19:57:10+00:00","breadcrumb":{"@id":"https:\/\/bouletboots.com\/fr\/faq-fr\/#breadcrumb"},"inLanguage":"fr-FR","potentialAction":[{"@type":"ReadAction","target":["https:\/\/bouletboots.com\/fr\/faq-fr\/"]}]},{"@type":"ImageObject","inLanguage":"fr-FR","@id":"https:\/\/bouletboots.com\/fr\/faq-fr\/#primaryimage","url":"https:\/\/bouletboots.com\/wp-content\/uploads\/2025\/01\/image-4-300x227.png","contentUrl":"https:\/\/bouletboots.com\/wp-content\/uploads\/2025\/01\/image-4-300x227.png"},{"@type":"BreadcrumbList","@id":"https:\/\/bouletboots.com\/fr\/faq-fr\/#breadcrumb","itemListElement":[{"@type":"ListItem","position":1,"name":"Accueil","item":"https:\/\/bouletboots.com\/fr\/home\/"},{"@type":"ListItem","position":2,"name":"FAQ-FR"}]},{"@type":"WebSite","@id":"https:\/\/bouletboots.com\/fr\/#website","url":"https:\/\/bouletboots.com\/fr\/","name":"Boulet Boots\u00ae","description":"High Quality Cowboy Boots","potentialAction":[{"@type":"SearchAction","target":{"@type":"EntryPoint","urlTemplate":"https:\/\/bouletboots.com\/fr\/?s={search_term_string}"},"query-input":"required name=search_term_string"}],"inLanguage":"fr-FR"}]}},"_links":{"self":[{"href":"https:\/\/bouletboots.com\/fr\/wp-json\/wp\/v2\/pages\/2751510"}],"collection":[{"href":"https:\/\/bouletboots.com\/fr\/wp-json\/wp\/v2\/pages"}],"about":[{"href":"https:\/\/bouletboots.com\/fr\/wp-json\/wp\/v2\/types\/page"}],"author":[{"embeddable":true,"href":"https:\/\/bouletboots.com\/fr\/wp-json\/wp\/v2\/users\/4"}],"replies":[{"embeddable":true,"href":"https:\/\/bouletboots.com\/fr\/wp-json\/wp\/v2\/comments?post=2751510"}],"version-history":[{"count":12,"href":"https:\/\/bouletboots.com\/fr\/wp-json\/wp\/v2\/pages\/2751510\/revisions"}],"predecessor-version":[{"id":12151101,"href":"https:\/\/bouletboots.com\/fr\/wp-json\/wp\/v2\/pages\/2751510\/revisions\/12151101"}],"wp:attachment":[{"href":"https:\/\/bouletboots.com\/fr\/wp-json\/wp\/v2\/media?parent=2751510"}],"curies":[{"name":"wp","href":"https:\/\/api.w.org\/{rel}","templated":true}]}}