{"id":31721,"date":"2020-02-05T19:03:47","date_gmt":"2020-02-05T19:03:47","guid":{"rendered":"https:\/\/bouletboots.com\/?page_id=31721"},"modified":"2020-02-05T19:03:55","modified_gmt":"2020-02-05T19:03:55","slug":"notre-histoire","status":"publish","type":"page","link":"https:\/\/bouletboots.com\/fr\/notre-histoire\/","title":{"rendered":"Notre histoire"},"content":{"rendered":"\t\t\t<section id=\"cd-timeline\" class=\"cd-container timeline-express\">\n\n\t\t\t\n<div class=\"cd-timeline-block octobre 01 2115 announcement-31724\">\n\n\t\n\t\t<a class=\"cd-timeline-icon-link\" href=\"https:\/\/bouletboots.com\/fr\/announcement\/1930-2\/\">\n\n\t\t\t\n\t\t<div class=\"cd-timeline-img cd-picture\" style=\"background:#ab793f;\">\n\n\t\t\t<!-- Custom Action Hook -->\n\t\t\t\n\t\t\t\t<!-- Standard Font Awesome Icon -->\n\t\t\t\t<span class=\"fa fa-rocket\" title=\"1930\"><\/span>\n\n\t\t\t\n\t\t<\/div> <!-- cd-timeline-img -->\n\n\t\n\t\t<\/a>\n\n\t\t\n\t<!-- Timeline Content -->\n\t<div class=\"cd-timeline-content\">\n\n\t\t\n\t\t<!-- Announcement Title -->\n\t\t<div class=\"cd-timeline-title-container\">\n\n\t\t\t\n\t\t\t<h2 class=\"cd-timeline-item-title\">\n\t\t\t\t1930\t\t\t<\/h2>\n\n\t\t\t\t\t\t\t<p class=\"timeline-date\">\n\t\t\t\t\toctobre 1, 2115\t\t\t\t<\/p>\n\t\t\t\t\t\t<\/div>\n\t\t<!-- End Announcement Title -->\n\n\t\t<img loading=\"lazy\" decoding=\"async\" width=\"350\" height=\"120\" src=\"https:\/\/bouletboots.com\/wp-content\/uploads\/2019\/10\/img-ga-boulet-350x120.jpg\" class=\"announcement-banner-image\" alt=\"1930\" \/>\n\t\t<!-- Announcement Excerpt -->\n\t\t<div class=\"the-excerpt\">\n\t\t\t<p>Des hommes d\u2019affaires de St-Tite ormant un comit\u00e9 de promotion industrielle entraient en contact avec M. G.A. Boulet afin d\u2019implanter une usine de chaussures de toilette pour hommes \u00e0 St-Tite m\u00eame.<\/p>\n<a class=\"timeline-express-read-more-link\" href=\"https:\/\/bouletboots.com\/fr\/announcement\/1930-2\/\"> Read more<\/a>\t\t<\/div>\n\t\t<!-- End Announcement Excerpt -->\n\n\t\t\n\t<\/div>\n\t<!-- End Timeline Content -->\n\n<\/div>\n<!-- End Timeline Block -->\n\n<div class=\"cd-timeline-block octobre 02 2115 announcement-41844\">\n\n\t\n\t\t<a class=\"cd-timeline-icon-link\" href=\"https:\/\/bouletboots.com\/fr\/announcement\/1933-2\/\">\n\n\t\t\t\n\t\t<div class=\"cd-timeline-img cd-picture\" style=\"background:#ab793f;\">\n\n\t\t\t<!-- Custom Action Hook -->\n\t\t\t\n\t\t\t\t<!-- Standard Font Awesome Icon -->\n\t\t\t\t<span class=\"fa fa-building\" title=\"1933\"><\/span>\n\n\t\t\t\n\t\t<\/div> <!-- cd-timeline-img -->\n\n\t\n\t\t<\/a>\n\n\t\t\n\t<!-- Timeline Content -->\n\t<div class=\"cd-timeline-content\">\n\n\t\t\n\t\t<!-- Announcement Title -->\n\t\t<div class=\"cd-timeline-title-container\">\n\n\t\t\t\n\t\t\t<h2 class=\"cd-timeline-item-title\">\n\t\t\t\t1933\t\t\t<\/h2>\n\n\t\t\t\t\t\t\t<p class=\"timeline-date\">\n\t\t\t\t\toctobre 2, 2115\t\t\t\t<\/p>\n\t\t\t\t\t\t<\/div>\n\t\t<!-- End Announcement Title -->\n\n\t\t<img loading=\"lazy\" decoding=\"async\" width=\"350\" height=\"120\" src=\"https:\/\/bouletboots.com\/wp-content\/uploads\/2019\/10\/img-usine-350x120.jpg\" class=\"announcement-banner-image\" alt=\"1933\" \/>\n\t\t<!-- Announcement Excerpt -->\n\t\t<div class=\"the-excerpt\">\n\t\t\t<p>Les bases sont jet\u00e9es en 1933, \u00e0 l\u2019int\u00e9rieur d\u2019une vieille b\u00e2tisse d\u00e9laiss\u00e9e. Elle ouvre ses portes sous le nom de \u201cThe St-Tite Shoe Co. Ltd. \u00c0 ses d\u00e9buts, on comptait 6 employ\u00e9s cadres et de 25 \u00e0 30 ouvriers.<\/p>\n<a class=\"timeline-express-read-more-link\" href=\"https:\/\/bouletboots.com\/fr\/announcement\/1933-2\/\"> Read more<\/a>\t\t<\/div>\n\t\t<!-- End Announcement Excerpt -->\n\n\t\t\n\t<\/div>\n\t<!-- End Timeline Content -->\n\n<\/div>\n<!-- End Timeline Block -->\n\n<div class=\"cd-timeline-block octobre 03 2115 announcement-41845\">\n\n\t\n\t\t<a class=\"cd-timeline-icon-link\" href=\"https:\/\/bouletboots.com\/fr\/announcement\/1939-2\/\">\n\n\t\t\t\n\t\t<div class=\"cd-timeline-img cd-picture\" style=\"background:#ab793f;\">\n\n\t\t\t<!-- Custom Action Hook -->\n\t\t\t\n\t\t\t\t<!-- Standard Font Awesome Icon -->\n\t\t\t\t<span class=\"fa fa-bomb\" title=\"1939\"><\/span>\n\n\t\t\t\n\t\t<\/div> <!-- cd-timeline-img -->\n\n\t\n\t\t<\/a>\n\n\t\t\n\t<!-- Timeline Content -->\n\t<div class=\"cd-timeline-content\">\n\n\t\t\n\t\t<!-- Announcement Title -->\n\t\t<div class=\"cd-timeline-title-container\">\n\n\t\t\t\n\t\t\t<h2 class=\"cd-timeline-item-title\">\n\t\t\t\t1939\t\t\t<\/h2>\n\n\t\t\t\t\t\t\t<p class=\"timeline-date\">\n\t\t\t\t\toctobre 3, 2115\t\t\t\t<\/p>\n\t\t\t\t\t\t<\/div>\n\t\t<!-- End Announcement Title -->\n\n\t\t<img loading=\"lazy\" decoding=\"async\" width=\"350\" height=\"120\" src=\"https:\/\/bouletboots.com\/wp-content\/uploads\/2019\/10\/img-guerre-350x120.jpg\" class=\"announcement-banner-image\" alt=\"1939\" \/>\n\t\t<!-- Announcement Excerpt -->\n\t\t<div class=\"the-excerpt\">\n\t\t\t<p>Durant la Deuxi\u00e8me Guerre mondiale, l\u2019entreprise devenait, via le minist\u00e8re de la D\u00e9fense nationale, le principal fournisseur en souliers et bottines des Forces Arm\u00e9es canadiennes. Sa production \u00e9tait alors de 200 \u00e0 300 paires par jour dont 75 % \u00e9taient destin\u00e9es \u00e0 l\u2019arm\u00e9e.<\/p>\n<a class=\"timeline-express-read-more-link\" href=\"https:\/\/bouletboots.com\/fr\/announcement\/1939-2\/\"> Read more<\/a>\t\t<\/div>\n\t\t<!-- End Announcement Excerpt -->\n\n\t\t\n\t<\/div>\n\t<!-- End Timeline Content -->\n\n<\/div>\n<!-- End Timeline Block -->\n\n<div class=\"cd-timeline-block octobre 04 2115 announcement-41846\">\n\n\t\n\t\t<a class=\"cd-timeline-icon-link\" href=\"https:\/\/bouletboots.com\/fr\/announcement\/1964-2\/\">\n\n\t\t\t\n\t\t<div class=\"cd-timeline-img cd-picture\" style=\"background:#ab793f;\">\n\n\t\t\t<!-- Custom Action Hook -->\n\t\t\t\n\t\t\t\t<!-- Standard Font Awesome Icon -->\n\t\t\t\t<span class=\"fa fa-users\" title=\"1964\"><\/span>\n\n\t\t\t\n\t\t<\/div> <!-- cd-timeline-img -->\n\n\t\n\t\t<\/a>\n\n\t\t\n\t<!-- Timeline Content -->\n\t<div class=\"cd-timeline-content\">\n\n\t\t\n\t\t<!-- Announcement Title -->\n\t\t<div class=\"cd-timeline-title-container\">\n\n\t\t\t\n\t\t\t<h2 class=\"cd-timeline-item-title\">\n\t\t\t\t1964\t\t\t<\/h2>\n\n\t\t\t\t\t\t\t<p class=\"timeline-date\">\n\t\t\t\t\toctobre 4, 2115\t\t\t\t<\/p>\n\t\t\t\t\t\t<\/div>\n\t\t<!-- End Announcement Title -->\n\n\t\t<img loading=\"lazy\" decoding=\"async\" width=\"350\" height=\"120\" src=\"https:\/\/bouletboots.com\/wp-content\/uploads\/2019\/10\/img-fils-350x120.jpg\" class=\"announcement-banner-image\" alt=\"1964\" \/>\n\t\t<!-- Announcement Excerpt -->\n\t\t<div class=\"the-excerpt\">\n\t\t\t<p>Robert, Roger et Reynald, entreprirent graduellement la fabrication de bottes de type western pour en arriver \u00e0 se sp\u00e9cialiser uniquement dans ce domaine. G.A. Boulet devint alors la premi\u00e8re entreprise canadienne \u00e0 se sp\u00e9cialiser dans la fabrication de bottes western.<\/p>\n<a class=\"timeline-express-read-more-link\" href=\"https:\/\/bouletboots.com\/fr\/announcement\/1964-2\/\"> Read more<\/a>\t\t<\/div>\n\t\t<!-- End Announcement Excerpt -->\n\n\t\t\n\t<\/div>\n\t<!-- End Timeline Content -->\n\n<\/div>\n<!-- End Timeline Block -->\n\n<div class=\"cd-timeline-block octobre 05 2115 announcement-41847\">\n\n\t\n\t\t<a class=\"cd-timeline-icon-link\" href=\"https:\/\/bouletboots.com\/fr\/announcement\/1967-2\/\">\n\n\t\t\t\n\t\t<div class=\"cd-timeline-img cd-picture\" style=\"background:#ab793f;\">\n\n\t\t\t<!-- Custom Action Hook -->\n\t\t\t\n\t\t\t\t<!-- Standard Font Awesome Icon -->\n\t\t\t\t<span class=\"fa fa-beer\" title=\"1967\"><\/span>\n\n\t\t\t\n\t\t<\/div> <!-- cd-timeline-img -->\n\n\t\n\t\t<\/a>\n\n\t\t\n\t<!-- Timeline Content -->\n\t<div class=\"cd-timeline-content\">\n\n\t\t\n\t\t<!-- Announcement Title -->\n\t\t<div class=\"cd-timeline-title-container\">\n\n\t\t\t\n\t\t\t<h2 class=\"cd-timeline-item-title\">\n\t\t\t\t1967\t\t\t<\/h2>\n\n\t\t\t\t\t\t\t<p class=\"timeline-date\">\n\t\t\t\t\toctobre 5, 2115\t\t\t\t<\/p>\n\t\t\t\t\t\t<\/div>\n\t\t<!-- End Announcement Title -->\n\n\t\t<img loading=\"lazy\" decoding=\"async\" width=\"350\" height=\"120\" src=\"https:\/\/bouletboots.com\/wp-content\/uploads\/2019\/10\/img-rodeo-350x120.jpg\" class=\"announcement-banner-image\" alt=\"1967\" \/>\n\t\t<!-- Announcement Excerpt -->\n\t\t<div class=\"the-excerpt\">\n\t\t\t<p>Les trois fr\u00e8res Boulet mettent sur pied un grand rod\u00e9o exp\u00e9rimental qui sera le pr\u00e9lude d\u2019un festival western dont la renomm\u00e9e traverse les fronti\u00e8res du Qu\u00e9bec.<\/p>\n<a class=\"timeline-express-read-more-link\" href=\"https:\/\/bouletboots.com\/fr\/announcement\/1967-2\/\"> Read more<\/a>\t\t<\/div>\n\t\t<!-- End Announcement Excerpt -->\n\n\t\t\n\t<\/div>\n\t<!-- End Timeline Content -->\n\n<\/div>\n<!-- End Timeline Block -->\n\n<div class=\"cd-timeline-block octobre 06 2115 announcement-41848\">\n\n\t\n\t\t<a class=\"cd-timeline-icon-link\" href=\"https:\/\/bouletboots.com\/fr\/announcement\/1987-2015\/\">\n\n\t\t\t\n\t\t<div class=\"cd-timeline-img cd-picture\" style=\"background:#ab793f;\">\n\n\t\t\t<!-- Custom Action Hook -->\n\t\t\t\n\t\t\t\t<!-- Standard Font Awesome Icon -->\n\t\t\t\t<span class=\"fa fa-user-plus\" title=\"1987 &#8211; 2015\"><\/span>\n\n\t\t\t\n\t\t<\/div> <!-- cd-timeline-img -->\n\n\t\n\t\t<\/a>\n\n\t\t\n\t<!-- Timeline Content -->\n\t<div class=\"cd-timeline-content\">\n\n\t\t\n\t\t<!-- Announcement Title -->\n\t\t<div class=\"cd-timeline-title-container\">\n\n\t\t\t\n\t\t\t<h2 class=\"cd-timeline-item-title\">\n\t\t\t\t1987 &#8211; 2015\t\t\t<\/h2>\n\n\t\t\t\t\t\t\t<p class=\"timeline-date\">\n\t\t\t\t\toctobre 6, 2115\t\t\t\t<\/p>\n\t\t\t\t\t\t<\/div>\n\t\t<!-- End Announcement Title -->\n\n\t\t<img loading=\"lazy\" decoding=\"async\" width=\"350\" height=\"120\" src=\"https:\/\/bouletboots.com\/wp-content\/uploads\/2019\/10\/Boulet-photo-Finale4-350x120.jpg\" class=\"announcement-banner-image\" alt=\"1987 &#8211; 2015\" \/>\n\t\t<!-- Announcement Excerpt -->\n\t\t<div class=\"the-excerpt\">\n\t\t\t<p>La fin des ann\u00e9es 1980 est marqu\u00e9e par un changement de direction alors que les petits fils de G.A. Boulet se joindront \u00e0 l\u2019entreprise \u00e0 tour de r\u00f4le, soit Pierre et Louis en 1987. Actuellement la quatri\u00e8me g\u00e9n\u00e9ration ont fait leur d\u00e9but dans l\u2019entreprise familiale. Jenny depuis 2013 travaille dans le d\u00e9partement des ventes et [\u2026]<\/p>\n<a class=\"timeline-express-read-more-link\" href=\"https:\/\/bouletboots.com\/fr\/announcement\/1987-2015\/\"> Read more<\/a>\t\t<\/div>\n\t\t<!-- End Announcement Excerpt -->\n\n\t\t\n\t<\/div>\n\t<!-- End Timeline Content -->\n\n<\/div>\n<!-- End Timeline Block -->\n\n<div class=\"cd-timeline-block octobre 07 2115 announcement-41849\">\n\n\t\n\t\t<a class=\"cd-timeline-icon-link\" href=\"https:\/\/bouletboots.com\/fr\/announcement\/2015-2\/\">\n\n\t\t\t\n\t\t<div class=\"cd-timeline-img cd-picture\" style=\"background:#ab793f;\">\n\n\t\t\t<!-- Custom Action Hook -->\n\t\t\t\n\t\t\t\t<!-- Standard Font Awesome Icon -->\n\t\t\t\t<span class=\"fa fa-globe\" title=\"2015\"><\/span>\n\n\t\t\t\n\t\t<\/div> <!-- cd-timeline-img -->\n\n\t\n\t\t<\/a>\n\n\t\t\n\t<!-- Timeline Content -->\n\t<div class=\"cd-timeline-content\">\n\n\t\t\n\t\t<!-- Announcement Title -->\n\t\t<div class=\"cd-timeline-title-container\">\n\n\t\t\t\n\t\t\t<h2 class=\"cd-timeline-item-title\">\n\t\t\t\t2015\t\t\t<\/h2>\n\n\t\t\t\t\t\t\t<p class=\"timeline-date\">\n\t\t\t\t\toctobre 7, 2115\t\t\t\t<\/p>\n\t\t\t\t\t\t<\/div>\n\t\t<!-- End Announcement Title -->\n\n\t\t<img loading=\"lazy\" decoding=\"async\" width=\"350\" height=\"120\" src=\"https:\/\/bouletboots.com\/wp-content\/uploads\/2019\/10\/birtz-photograpbvhie-1-350x120.jpg\" class=\"announcement-banner-image\" alt=\"2015\" \/>\n\t\t<!-- Announcement Excerpt -->\n\t\t<div class=\"the-excerpt\">\n\t\t\t<p>Occupant encore les m\u00eames installations qu\u2019\u00e0 l\u2019origine, la compagnie emploie aujourd\u2019hui environ 200 personnes. La capacit\u00e9 annuelle de l\u2019usine est maintenant de 200,000 paires fabriqu\u00e9es \u00e0 partir de cuirs en provenance du Canada, des Etats-Unis, d\u2019Europe et d\u2019Asie.<\/p>\n<a class=\"timeline-express-read-more-link\" href=\"https:\/\/bouletboots.com\/fr\/announcement\/2015-2\/\"> Read more<\/a>\t\t<\/div>\n\t\t<!-- End Announcement Excerpt -->\n\n\t\t\n\t<\/div>\n\t<!-- End Timeline Content -->\n\n<\/div>\n<!-- End Timeline Block -->\n\n<div class=\"cd-timeline-block octobre 08 2115 announcement-41850\">\n\n\t\n\t\t<a class=\"cd-timeline-icon-link\" href=\"https:\/\/bouletboots.com\/fr\/announcement\/the-future\/\">\n\n\t\t\t\n\t\t<div class=\"cd-timeline-img cd-picture\" style=\"background:#ab793f;\">\n\n\t\t\t<!-- Custom Action Hook -->\n\t\t\t\n\t\t\t\t<!-- Standard Font Awesome Icon -->\n\t\t\t\t<span class=\"fa fa-forward\" title=\"LE FUTURE\"><\/span>\n\n\t\t\t\n\t\t<\/div> <!-- cd-timeline-img -->\n\n\t\n\t\t<\/a>\n\n\t\t\n\t<!-- Timeline Content -->\n\t<div class=\"cd-timeline-content\">\n\n\t\t\n\t\t<!-- Announcement Title -->\n\t\t<div class=\"cd-timeline-title-container\">\n\n\t\t\t\n\t\t\t<h2 class=\"cd-timeline-item-title\">\n\t\t\t\tLE FUTURE\t\t\t<\/h2>\n\n\t\t\t\t\t\t\t<p class=\"timeline-date\">\n\t\t\t\t\toctobre 8, 2115\t\t\t\t<\/p>\n\t\t\t\t\t\t<\/div>\n\t\t<!-- End Announcement Title -->\n\n\t\t<img loading=\"lazy\" decoding=\"async\" width=\"350\" height=\"120\" src=\"https:\/\/bouletboots.com\/wp-content\/uploads\/2019\/10\/img-futur-350x120.jpg\" class=\"announcement-banner-image\" alt=\"LE FUTURE\" \/>\n\t\t<!-- Announcement Excerpt -->\n\t\t<div class=\"the-excerpt\">\n\t\t\t<p>Fond\u00e9e en 1933, Boulet Inc. est une entreprise canadienne qui se pr\u00e9sente comme le premier et le plus important fabricant de bottes western au pays. G.A. Boulet est la plus vielle compagnie de bottes western en Am\u00e9rique du nord qui est d\u00e9tenue par la m\u00eame famille en continue.<\/p>\n<a class=\"timeline-express-read-more-link\" href=\"https:\/\/bouletboots.com\/fr\/announcement\/the-future\/\"> Read more<\/a>\t\t<\/div>\n\t\t<!-- End Announcement Excerpt -->\n\n\t\t\n\t<\/div>\n\t<!-- End Timeline Content -->\n\n<\/div>\n<!-- End Timeline Block -->\n\n\t\t\t<\/section>\n\n\t\t\t<!-- Timeline Express Free v1.8.1 | Site: https:\/\/www.wp-timelineexpress.com | Author: CodeParrots - http:\/\/www.codeparrots.com -->\n","protected":false},"excerpt":{"rendered":"Fond\u00e9e en 1933, Boulet Inc. est une entreprise canadienne qui se pr\u00e9sente comme le premier et le plus important fabricant de bottes western au pays. G.A. Boulet est la plus vielle compagnie de bottes western en Am\u00e9rique du nord qui est d\u00e9tenue par la m\u00eame famille en continue.","protected":false},"author":1,"featured_media":0,"parent":0,"menu_order":0,"comment_status":"closed","ping_status":"closed","template":"","meta":{"footnotes":""},"yoast_head":"<!-- This site is optimized with the Yoast SEO plugin v22.4 - https:\/\/yoast.com\/wordpress\/plugins\/seo\/ -->\n<title>Notre histoire | Boulet Boots\u00ae<\/title>\n<meta name=\"robots\" content=\"index, follow, max-snippet:-1, max-image-preview:large, max-video-preview:-1\" \/>\n<link rel=\"canonical\" href=\"https:\/\/bouletboots.com\/fr\/notre-histoire\/\" \/>\n<meta property=\"og:locale\" content=\"fr_FR\" \/>\n<meta property=\"og:type\" content=\"article\" \/>\n<meta property=\"og:title\" content=\"Notre histoire | Boulet Boots\u00ae\" \/>\n<meta property=\"og:url\" content=\"https:\/\/bouletboots.com\/fr\/notre-histoire\/\" \/>\n<meta property=\"og:site_name\" content=\"Boulet Boots\u00ae\" \/>\n<meta property=\"article:modified_time\" content=\"2020-02-05T19:03:55+00:00\" \/>\n<meta name=\"twitter:card\" content=\"summary_large_image\" \/>\n<script type=\"application\/ld+json\" class=\"yoast-schema-graph\">{\"@context\":\"https:\/\/schema.org\",\"@graph\":[{\"@type\":\"WebPage\",\"@id\":\"https:\/\/bouletboots.com\/fr\/notre-histoire\/\",\"url\":\"https:\/\/bouletboots.com\/fr\/notre-histoire\/\",\"name\":\"Notre histoire | Boulet Boots\u00ae\",\"isPartOf\":{\"@id\":\"https:\/\/bouletboots.com\/fr\/#website\"},\"datePublished\":\"2020-02-05T19:03:47+00:00\",\"dateModified\":\"2020-02-05T19:03:55+00:00\",\"breadcrumb\":{\"@id\":\"https:\/\/bouletboots.com\/fr\/notre-histoire\/#breadcrumb\"},\"inLanguage\":\"fr-FR\",\"potentialAction\":[{\"@type\":\"ReadAction\",\"target\":[\"https:\/\/bouletboots.com\/fr\/notre-histoire\/\"]}]},{\"@type\":\"BreadcrumbList\",\"@id\":\"https:\/\/bouletboots.com\/fr\/notre-histoire\/#breadcrumb\",\"itemListElement\":[{\"@type\":\"ListItem\",\"position\":1,\"name\":\"Accueil\",\"item\":\"https:\/\/bouletboots.com\/fr\/home\/\"},{\"@type\":\"ListItem\",\"position\":2,\"name\":\"Notre histoire\"}]},{\"@type\":\"WebSite\",\"@id\":\"https:\/\/bouletboots.com\/fr\/#website\",\"url\":\"https:\/\/bouletboots.com\/fr\/\",\"name\":\"Boulet Boots\u00ae\",\"description\":\"High Quality Cowboy Boots\",\"potentialAction\":[{\"@type\":\"SearchAction\",\"target\":{\"@type\":\"EntryPoint\",\"urlTemplate\":\"https:\/\/bouletboots.com\/fr\/?s={search_term_string}\"},\"query-input\":\"required name=search_term_string\"}],\"inLanguage\":\"fr-FR\"}]}<\/script>\n<!-- \/ Yoast SEO plugin. -->","yoast_head_json":{"title":"Notre histoire | Boulet Boots\u00ae","robots":{"index":"index","follow":"follow","max-snippet":"max-snippet:-1","max-image-preview":"max-image-preview:large","max-video-preview":"max-video-preview:-1"},"canonical":"https:\/\/bouletboots.com\/fr\/notre-histoire\/","og_locale":"fr_FR","og_type":"article","og_title":"Notre histoire | Boulet Boots\u00ae","og_url":"https:\/\/bouletboots.com\/fr\/notre-histoire\/","og_site_name":"Boulet Boots\u00ae","article_modified_time":"2020-02-05T19:03:55+00:00","twitter_card":"summary_large_image","schema":{"@context":"https:\/\/schema.org","@graph":[{"@type":"WebPage","@id":"https:\/\/bouletboots.com\/fr\/notre-histoire\/","url":"https:\/\/bouletboots.com\/fr\/notre-histoire\/","name":"Notre histoire | Boulet Boots\u00ae","isPartOf":{"@id":"https:\/\/bouletboots.com\/fr\/#website"},"datePublished":"2020-02-05T19:03:47+00:00","dateModified":"2020-02-05T19:03:55+00:00","breadcrumb":{"@id":"https:\/\/bouletboots.com\/fr\/notre-histoire\/#breadcrumb"},"inLanguage":"fr-FR","potentialAction":[{"@type":"ReadAction","target":["https:\/\/bouletboots.com\/fr\/notre-histoire\/"]}]},{"@type":"BreadcrumbList","@id":"https:\/\/bouletboots.com\/fr\/notre-histoire\/#breadcrumb","itemListElement":[{"@type":"ListItem","position":1,"name":"Accueil","item":"https:\/\/bouletboots.com\/fr\/home\/"},{"@type":"ListItem","position":2,"name":"Notre histoire"}]},{"@type":"WebSite","@id":"https:\/\/bouletboots.com\/fr\/#website","url":"https:\/\/bouletboots.com\/fr\/","name":"Boulet Boots\u00ae","description":"High Quality Cowboy Boots","potentialAction":[{"@type":"SearchAction","target":{"@type":"EntryPoint","urlTemplate":"https:\/\/bouletboots.com\/fr\/?s={search_term_string}"},"query-input":"required name=search_term_string"}],"inLanguage":"fr-FR"}]}},"_links":{"self":[{"href":"https:\/\/bouletboots.com\/fr\/wp-json\/wp\/v2\/pages\/31721"}],"collection":[{"href":"https:\/\/bouletboots.com\/fr\/wp-json\/wp\/v2\/pages"}],"about":[{"href":"https:\/\/bouletboots.com\/fr\/wp-json\/wp\/v2\/types\/page"}],"author":[{"embeddable":true,"href":"https:\/\/bouletboots.com\/fr\/wp-json\/wp\/v2\/users\/1"}],"replies":[{"embeddable":true,"href":"https:\/\/bouletboots.com\/fr\/wp-json\/wp\/v2\/comments?post=31721"}],"version-history":[{"count":1,"href":"https:\/\/bouletboots.com\/fr\/wp-json\/wp\/v2\/pages\/31721\/revisions"}],"predecessor-version":[{"id":31722,"href":"https:\/\/bouletboots.com\/fr\/wp-json\/wp\/v2\/pages\/31721\/revisions\/31722"}],"wp:attachment":[{"href":"https:\/\/bouletboots.com\/fr\/wp-json\/wp\/v2\/media?parent=31721"}],"curies":[{"name":"wp","href":"https:\/\/api.w.org\/{rel}","templated":true}]}}