{"id":31732,"date":"2019-10-16T12:55:31","date_gmt":"2019-10-16T12:55:31","guid":{"rendered":"https:\/\/bouletboots.com\/contact\/"},"modified":"2020-02-07T20:15:32","modified_gmt":"2020-02-07T20:15:32","slug":"contact","status":"publish","type":"page","link":"https:\/\/bouletboots.com\/fr\/contact\/","title":{"rendered":"Contact"},"content":{"rendered":"<p>[vc_row][vc_column][vc_column_text]<\/p>\n<h2><strong>Merci de votre visite sur notre site Web<\/strong><\/h2>\n<ul>\n<li>Pour des commandes, ou toutes autres questions sur nos produits, veuillez consulter notre section distributeurs afin de trouver une boutique pr\u00e8s de vous.<\/li>\n<li>Pour tous retours, vous devez retourner \u00e0 la boutique o\u00f9 vous avez effectu\u00e9 votre achat pour un service apr\u00e8s-vente.<\/li>\n<li>Si vous \u00eates commer\u00e7ant, et que vous avez besoin d\u2019informations, veuillez communiquer avec votre repr\u00e9sentant.<\/li>\n<\/ul>\n<p>&nbsp;<\/p>\n<p>Votre satisfaction est notre priorit\u00e9 et nous serons de toute assistance \u00e0 nos d\u00e9taillants s\u2019ils ont besoin d\u2019informations pour mieux vous servir.[\/vc_column_text][\/vc_column][\/vc_row]<\/p>\n","protected":false},"excerpt":{"rendered":"<p>[vc_row][vc_column][vc_column_text] Merci de votre visite sur notre site Web Pour des commandes, ou toutes autres questions sur nos produits, veuillez consulter notre section distributeurs afin de trouver une boutique pr\u00e8s de vous. Pour tous retours, vous devez retourner \u00e0 la boutique o\u00f9 vous avez effectu\u00e9 votre achat pour un service apr\u00e8s-vente. Si vous \u00eates commer\u00e7ant, [&hellip;]<\/p>\n","protected":false},"author":1,"featured_media":0,"parent":0,"menu_order":0,"comment_status":"closed","ping_status":"closed","template":"","meta":{"footnotes":""},"yoast_head":"<!-- This site is optimized with the Yoast SEO plugin v22.4 - https:\/\/yoast.com\/wordpress\/plugins\/seo\/ -->\n<title>Contact | Boulet Boots\u00ae<\/title>\n<meta name=\"robots\" content=\"index, follow, max-snippet:-1, max-image-preview:large, max-video-preview:-1\" \/>\n<link rel=\"canonical\" href=\"https:\/\/bouletboots.com\/fr\/contact\/\" \/>\n<meta property=\"og:locale\" content=\"fr_FR\" \/>\n<meta property=\"og:type\" content=\"article\" \/>\n<meta property=\"og:title\" content=\"Contact | Boulet Boots\u00ae\" \/>\n<meta property=\"og:description\" content=\"[vc_row][vc_column][vc_column_text] Merci de votre visite sur notre site Web Pour des commandes, ou toutes autres questions sur nos produits, veuillez consulter notre section distributeurs afin de trouver une boutique pr\u00e8s de vous. Pour tous retours, vous devez retourner \u00e0 la boutique o\u00f9 vous avez effectu\u00e9 votre achat pour un service apr\u00e8s-vente. Si vous \u00eates commer\u00e7ant, [&hellip;]\" \/>\n<meta property=\"og:url\" content=\"https:\/\/bouletboots.com\/fr\/contact\/\" \/>\n<meta property=\"og:site_name\" content=\"Boulet Boots\u00ae\" \/>\n<meta property=\"article:modified_time\" content=\"2020-02-07T20:15:32+00:00\" \/>\n<meta name=\"twitter:card\" content=\"summary_large_image\" \/>\n<meta name=\"twitter:label1\" content=\"Dur\u00e9e de lecture estim\u00e9e\" \/>\n\t<meta name=\"twitter:data1\" content=\"1 minute\" \/>\n<script type=\"application\/ld+json\" class=\"yoast-schema-graph\">{\"@context\":\"https:\/\/schema.org\",\"@graph\":[{\"@type\":\"WebPage\",\"@id\":\"https:\/\/bouletboots.com\/fr\/contact\/\",\"url\":\"https:\/\/bouletboots.com\/fr\/contact\/\",\"name\":\"Contact | Boulet Boots\u00ae\",\"isPartOf\":{\"@id\":\"https:\/\/bouletboots.com\/fr\/#website\"},\"datePublished\":\"2019-10-16T12:55:31+00:00\",\"dateModified\":\"2020-02-07T20:15:32+00:00\",\"breadcrumb\":{\"@id\":\"https:\/\/bouletboots.com\/fr\/contact\/#breadcrumb\"},\"inLanguage\":\"fr-FR\",\"potentialAction\":[{\"@type\":\"ReadAction\",\"target\":[\"https:\/\/bouletboots.com\/fr\/contact\/\"]}]},{\"@type\":\"BreadcrumbList\",\"@id\":\"https:\/\/bouletboots.com\/fr\/contact\/#breadcrumb\",\"itemListElement\":[{\"@type\":\"ListItem\",\"position\":1,\"name\":\"Accueil\",\"item\":\"https:\/\/bouletboots.com\/fr\/home\/\"},{\"@type\":\"ListItem\",\"position\":2,\"name\":\"Contact\"}]},{\"@type\":\"WebSite\",\"@id\":\"https:\/\/bouletboots.com\/fr\/#website\",\"url\":\"https:\/\/bouletboots.com\/fr\/\",\"name\":\"Boulet Boots\u00ae\",\"description\":\"High Quality Cowboy Boots\",\"potentialAction\":[{\"@type\":\"SearchAction\",\"target\":{\"@type\":\"EntryPoint\",\"urlTemplate\":\"https:\/\/bouletboots.com\/fr\/?s={search_term_string}\"},\"query-input\":\"required name=search_term_string\"}],\"inLanguage\":\"fr-FR\"}]}<\/script>\n<!-- \/ Yoast SEO plugin. -->","yoast_head_json":{"title":"Contact | Boulet Boots\u00ae","robots":{"index":"index","follow":"follow","max-snippet":"max-snippet:-1","max-image-preview":"max-image-preview:large","max-video-preview":"max-video-preview:-1"},"canonical":"https:\/\/bouletboots.com\/fr\/contact\/","og_locale":"fr_FR","og_type":"article","og_title":"Contact | Boulet Boots\u00ae","og_description":"[vc_row][vc_column][vc_column_text] Merci de votre visite sur notre site Web Pour des commandes, ou toutes autres questions sur nos produits, veuillez consulter notre section distributeurs afin de trouver une boutique pr\u00e8s de vous. Pour tous retours, vous devez retourner \u00e0 la boutique o\u00f9 vous avez effectu\u00e9 votre achat pour un service apr\u00e8s-vente. Si vous \u00eates commer\u00e7ant, [&hellip;]","og_url":"https:\/\/bouletboots.com\/fr\/contact\/","og_site_name":"Boulet Boots\u00ae","article_modified_time":"2020-02-07T20:15:32+00:00","twitter_card":"summary_large_image","twitter_misc":{"Dur\u00e9e de lecture estim\u00e9e":"1 minute"},"schema":{"@context":"https:\/\/schema.org","@graph":[{"@type":"WebPage","@id":"https:\/\/bouletboots.com\/fr\/contact\/","url":"https:\/\/bouletboots.com\/fr\/contact\/","name":"Contact | Boulet Boots\u00ae","isPartOf":{"@id":"https:\/\/bouletboots.com\/fr\/#website"},"datePublished":"2019-10-16T12:55:31+00:00","dateModified":"2020-02-07T20:15:32+00:00","breadcrumb":{"@id":"https:\/\/bouletboots.com\/fr\/contact\/#breadcrumb"},"inLanguage":"fr-FR","potentialAction":[{"@type":"ReadAction","target":["https:\/\/bouletboots.com\/fr\/contact\/"]}]},{"@type":"BreadcrumbList","@id":"https:\/\/bouletboots.com\/fr\/contact\/#breadcrumb","itemListElement":[{"@type":"ListItem","position":1,"name":"Accueil","item":"https:\/\/bouletboots.com\/fr\/home\/"},{"@type":"ListItem","position":2,"name":"Contact"}]},{"@type":"WebSite","@id":"https:\/\/bouletboots.com\/fr\/#website","url":"https:\/\/bouletboots.com\/fr\/","name":"Boulet Boots\u00ae","description":"High Quality Cowboy Boots","potentialAction":[{"@type":"SearchAction","target":{"@type":"EntryPoint","urlTemplate":"https:\/\/bouletboots.com\/fr\/?s={search_term_string}"},"query-input":"required name=search_term_string"}],"inLanguage":"fr-FR"}]}},"_links":{"self":[{"href":"https:\/\/bouletboots.com\/fr\/wp-json\/wp\/v2\/pages\/31732"}],"collection":[{"href":"https:\/\/bouletboots.com\/fr\/wp-json\/wp\/v2\/pages"}],"about":[{"href":"https:\/\/bouletboots.com\/fr\/wp-json\/wp\/v2\/types\/page"}],"author":[{"embeddable":true,"href":"https:\/\/bouletboots.com\/fr\/wp-json\/wp\/v2\/users\/1"}],"replies":[{"embeddable":true,"href":"https:\/\/bouletboots.com\/fr\/wp-json\/wp\/v2\/comments?post=31732"}],"version-history":[{"count":5,"href":"https:\/\/bouletboots.com\/fr\/wp-json\/wp\/v2\/pages\/31732\/revisions"}],"predecessor-version":[{"id":41835,"href":"https:\/\/bouletboots.com\/fr\/wp-json\/wp\/v2\/pages\/31732\/revisions\/41835"}],"wp:attachment":[{"href":"https:\/\/bouletboots.com\/fr\/wp-json\/wp\/v2\/media?parent=31732"}],"curies":[{"name":"wp","href":"https:\/\/api.w.org\/{rel}","templated":true}]}}