{"id":97,"date":"2019-10-16T12:25:14","date_gmt":"2019-10-16T12:25:14","guid":{"rendered":"https:\/\/bouletboots.com\/home\/"},"modified":"2025-05-06T18:41:42","modified_gmt":"2025-05-06T18:41:42","slug":"home","status":"publish","type":"page","link":"https:\/\/bouletboots.com\/fr\/","title":{"rendered":"Accueil"},"content":{"rendered":"<p>[vc_row full_width=&#8221;stretch_row_content_no_spaces&#8221;][vc_column][rev_slider_vc alias=&#8221;home&#8221;][\/vc_column][\/vc_row][vc_row full_width=&#8221;stretch_row&#8221; isfullwidth=&#8221;1&#8243; css=&#8221;.vc_custom_1573135682636{padding-top: 30px !important;padding-bottom: 30px !important;background-image: url(https:\/\/bouletboots.com\/wp-content\/uploads\/2019\/10\/bg-box-image.jpg?id=14) !important;background-position: 0 0 !important;background-repeat: repeat !important;}&#8221; el_id=&#8221;section-sevice-home&#8221;][vc_column width=&#8221;1\/4&#8243;][vc_single_image image=&#8221;8246051&#8243; img_size=&#8221;full&#8221; alignment=&#8221;center&#8221; onclick=&#8221;custom_link&#8221; css_animation=&#8221;right-to-left&#8221; link=&#8221;https:\/\/bouletboots.com\/fr\/boutique\/&#8221;][vc_single_image image=&#8221;8245883&#8243; img_size=&#8221;full&#8221; alignment=&#8221;center&#8221; onclick=&#8221;custom_link&#8221; css_animation=&#8221;left-to-right&#8221; link=&#8221;https:\/\/bouletboots.com\/fr\/detaillants\/&#8221;][\/vc_column][vc_column width=&#8221;1\/4&#8243;][vc_single_image image=&#8221;8246268&#8243; img_size=&#8221;full&#8221; alignment=&#8221;center&#8221; onclick=&#8221;custom_link&#8221; css_animation=&#8221;appear&#8221; link=&#8221;https:\/\/bouletboots.com\/fr\/categorie-produit\/casquettes\/&#8221;][\/vc_column][vc_column width=&#8221;1\/4&#8243;][vc_single_image image=&#8221;8245879&#8243; img_size=&#8221;full&#8221; alignment=&#8221;center&#8221; onclick=&#8221;custom_link&#8221; css_animation=&#8221;appear&#8221; link=&#8221;https:\/\/bouletboots.com\/fr\/categorie-produit\/classiques\/&#8221;][\/vc_column][vc_column width=&#8221;1\/4&#8243;][vc_single_image image=&#8221;11132756&#8243; img_size=&#8221;full&#8221; alignment=&#8221;center&#8221; onclick=&#8221;custom_link&#8221; css_animation=&#8221;appear&#8221; link=&#8221;https:\/\/bouletboots.com\/fr\/categorie-produit\/bottes-denfants\/&#8221;][\/vc_column][\/vc_row][vc_row gap=&#8221;10&#8243; equal_height=&#8221;yes&#8221; content_placement=&#8221;middle&#8221; el_class=&#8221;wpo-service&#8221; css=&#8221;.vc_custom_1571235639098{margin-top: 100px !important;margin-bottom: 50px !important;}&#8221;][vc_column width=&#8221;1\/3&#8243; css=&#8221;.vc_custom_1571235713380{border-top-width: 0px !important;border-right-width: 2px !important;border-bottom-width: 0px !important;border-left-width: 0px !important;background: rgba(0,0,0,0) url(https:\/\/bouletboots.com\/wp-content\/uploads\/2019\/10\/Handcrafted.png?id=64) !important;background-position: center !important;background-repeat: no-repeat !important;background-size: cover !important;*background-color: rgb(0,0,0) !important;border-left-color: #ffffff !important;border-left-style: solid !important;border-right-color: #ffffff !important;border-right-style: solid !important;border-top-color: #ffffff !important;border-top-style: solid !important;border-bottom-color: #ffffff !important;border-bottom-style: solid !important;}&#8221;]\n<div class=\"widget media wpo-ourservice \">\n\t\t\t\t<div class=\"media-body\">\n\t\t\t\t\t<h6 class=\" ourservice-heading font-size-lg\">\n\t\t\t\t<span>100% Fabriqu\u00e9 \u00e0 la main<\/span>\n\t\t\t<\/h6>\n\t\t\t\t\t\t\t<p>Le souci du d\u00e9tail<\/p>\n\t    \t<\/div>\n<\/div>[\/vc_column][vc_column width=&#8221;1\/3&#8243; css=&#8221;.vc_custom_1571235722045{border-top-width: 0px !important;border-right-width: 3px !important;border-bottom-width: 0px !important;border-left-width: 3px !important;background: rgba(0,0,0,0) url(https:\/\/bouletboots.com\/wp-content\/uploads\/2019\/10\/A-family-business.png?id=65) !important;background-position: center !important;background-repeat: no-repeat !important;background-size: cover !important;*background-color: rgb(0,0,0) !important;border-left-color: #ffffff !important;border-left-style: solid !important;border-right-color: #ffffff !important;border-right-style: solid !important;border-top-color: #ffffff !important;border-top-style: solid !important;border-bottom-color: #ffffff !important;border-bottom-style: solid !important;}&#8221;]\n<div class=\"widget media wpo-ourservice \">\n\t\t\t\t<div class=\"media-body\">\n\t\t\t\t\t<h6 class=\" ourservice-heading font-size-lg\">\n\t\t\t\t<span>M\u00eame qualit\u00e9 depuis 1933<\/span>\n\t\t\t<\/h6>\n\t\t\t\t\t\t\t<p>Entreprise familiale<\/p>\n\t    \t<\/div>\n<\/div>[\/vc_column][vc_column width=&#8221;1\/3&#8243; css=&#8221;.vc_custom_1571235736528{border-top-width: 0px !important;border-right-width: 0px !important;border-bottom-width: 0px !important;border-left-width: 2px !important;background: rgba(0,0,0,0) url(https:\/\/bouletboots.com\/wp-content\/uploads\/2019\/10\/Extreme-comfort.png?id=66) !important;background-position: center !important;background-repeat: no-repeat !important;background-size: cover !important;*background-color: rgb(0,0,0) !important;border-left-color: #ffffff !important;border-left-style: solid !important;border-right-color: #ffffff !important;border-right-style: solid !important;border-top-color: #ffffff !important;border-top-style: solid !important;border-bottom-color: #ffffff !important;border-bottom-style: solid !important;}&#8221;]\n<div class=\"widget media wpo-ourservice \">\n\t\t\t\t<div class=\"media-body\">\n\t\t\t\t\t<h6 class=\" ourservice-heading font-size-lg\">\n\t\t\t\t<span>Confort exceptionnel<\/span>\n\t\t\t<\/h6>\n\t\t\t\t\t\t\t<p>Vous l\u2019adopterez<\/p>\n\t    \t<\/div>\n<\/div>[\/vc_column][\/vc_row][vc_row isfullwidth=&#8221;1&#8243; css=&#8221;.vc_custom_1571236190535{margin-top: 50px !important;margin-bottom: 100px !important;}&#8221; el_class=&#8221;history&#8221;][vc_column width=&#8221;1\/4&#8243;][vc_single_image image=&#8221;106&#8243; img_size=&#8221;full&#8221; alignment=&#8221;center&#8221;][\/vc_column][vc_column width=&#8221;3\/4&#8243;][vc_column_text]<\/p>\n<h2>Une histoire de famille<\/h2>\n<p>Aujourd\u2019hui, Boulet Inc., qui fut la premi\u00e8re compagnie \u00e0 produire des bottes de cowboy au Canada, reste \u00e0 100 % sp\u00e9cialis\u00e9e dans la construction de Tr\u00e9pointe Goodyear. C\u2019est toujours la plus importante usine de bottes de cowboy au Canada avec une des plus grandes s\u00e9lections sur le march\u00e9. Elle est maintenant dirig\u00e9e par la troisi\u00e8me g\u00e9n\u00e9ration, qui maintiennent la tradition d\u2019excellence faisant de Boulet l\u2019un des meilleurs au pays.<\/p>\n<p>Les bottes de cowboy Boulet sont actuellement vendues dans plus de quinze pays et sont connues par les cowboys dans le monde entier pour leur durabilit\u00e9 et leur confort. Visitez nous \u00e0 www.bouletboots.com et venez voir pourquoi les clients appr\u00e9cient et aiment notre vari\u00e9t\u00e9 et nos produits de qualit\u00e9.[\/vc_column_text][vc_btn title=&#8221;LIRE LA SUITE DE L&#8217;HISTOIRE&#8221; style=&#8221;outline&#8221; shape=&#8221;square&#8221; color=&#8221;inverse&#8221; align=&#8221;left&#8221; link=&#8221;url:https%3A%2F%2Fbouletboots.com%2Ffr%2Fnotre-histoire%2F|title:History||&#8221; css=&#8221;.vc_custom_1584538161303{margin-top: 10px !important;}&#8221;][\/vc_column][\/vc_row]<\/p>\n","protected":false},"excerpt":{"rendered":"<p>[vc_row full_width=&#8221;stretch_row_content_no_spaces&#8221;][vc_column][rev_slider_vc alias=&#8221;home&#8221;][\/vc_column][\/vc_row][vc_row full_width=&#8221;stretch_row&#8221; isfullwidth=&#8221;1&#8243; css=&#8221;.vc_custom_1573135682636{padding-top: 30px !important;padding-bottom: 30px !important;background-image: url(https:\/\/bouletboots.com\/wp-content\/uploads\/2019\/10\/bg-box-image.jpg?id=14) !important;background-position: 0 0 !important;background-repeat: repeat !important;}&#8221; el_id=&#8221;section-sevice-home&#8221;][vc_column width=&#8221;1\/4&#8243;][vc_single_image image=&#8221;8246051&#8243; img_size=&#8221;full&#8221; alignment=&#8221;center&#8221; onclick=&#8221;custom_link&#8221; css_animation=&#8221;right-to-left&#8221; link=&#8221;https:\/\/bouletboots.com\/fr\/boutique\/&#8221;][vc_single_image image=&#8221;8245883&#8243; img_size=&#8221;full&#8221; alignment=&#8221;center&#8221; onclick=&#8221;custom_link&#8221; css_animation=&#8221;left-to-right&#8221; link=&#8221;https:\/\/bouletboots.com\/fr\/detaillants\/&#8221;][\/vc_column][vc_column width=&#8221;1\/4&#8243;][vc_single_image image=&#8221;8246268&#8243; img_size=&#8221;full&#8221; alignment=&#8221;center&#8221; onclick=&#8221;custom_link&#8221; css_animation=&#8221;appear&#8221; link=&#8221;https:\/\/bouletboots.com\/fr\/categorie-produit\/casquettes\/&#8221;][\/vc_column][vc_column width=&#8221;1\/4&#8243;][vc_single_image image=&#8221;8245879&#8243; img_size=&#8221;full&#8221; alignment=&#8221;center&#8221; onclick=&#8221;custom_link&#8221; css_animation=&#8221;appear&#8221; link=&#8221;https:\/\/bouletboots.com\/fr\/categorie-produit\/classiques\/&#8221;][\/vc_column][vc_column width=&#8221;1\/4&#8243;][vc_single_image image=&#8221;11132756&#8243; img_size=&#8221;full&#8221; alignment=&#8221;center&#8221; onclick=&#8221;custom_link&#8221; css_animation=&#8221;appear&#8221; link=&#8221;https:\/\/bouletboots.com\/fr\/categorie-produit\/bottes-denfants\/&#8221;][\/vc_column][\/vc_row][vc_row gap=&#8221;10&#8243; equal_height=&#8221;yes&#8221; content_placement=&#8221;middle&#8221; [&hellip;]<\/p>\n","protected":false},"author":1,"featured_media":0,"parent":0,"menu_order":0,"comment_status":"closed","ping_status":"closed","template":"template-fullwidth.php","meta":{"footnotes":""},"yoast_head":"<!-- This site is optimized with the Yoast SEO plugin v22.4 - https:\/\/yoast.com\/wordpress\/plugins\/seo\/ -->\n<title>Bottes Cowboy \/ Western | 100% fabriqu\u00e9 \u00e0 la main | Boulet Boots\u00ae<\/title>\n<meta name=\"robots\" content=\"index, follow, max-snippet:-1, max-image-preview:large, max-video-preview:-1\" \/>\n<link rel=\"canonical\" href=\"https:\/\/bouletboots.com\/fr\/home\/\" \/>\n<meta property=\"og:locale\" content=\"fr_FR\" \/>\n<meta property=\"og:type\" content=\"article\" \/>\n<meta property=\"og:title\" content=\"Bottes Cowboy \/ Western | 100% fabriqu\u00e9 \u00e0 la main | Boulet Boots\u00ae\" \/>\n<meta property=\"og:description\" content=\"[vc_row full_width=&#8221;stretch_row_content_no_spaces&#8221;][vc_column][rev_slider_vc alias=&#8221;home&#8221;][\/vc_column][\/vc_row][vc_row full_width=&#8221;stretch_row&#8221; isfullwidth=&#8221;1&#8243; css=&#8221;.vc_custom_1573135682636{padding-top: 30px !important;padding-bottom: 30px !important;background-image: url(https:\/\/bouletboots.com\/wp-content\/uploads\/2019\/10\/bg-box-image.jpg?id=14) !important;background-position: 0 0 !important;background-repeat: repeat !important;}&#8221; el_id=&#8221;section-sevice-home&#8221;][vc_column width=&#8221;1\/4&#8243;][vc_single_image image=&#8221;8246051&#8243; img_size=&#8221;full&#8221; alignment=&#8221;center&#8221; onclick=&#8221;custom_link&#8221; css_animation=&#8221;right-to-left&#8221; link=&#8221;https:\/\/bouletboots.com\/fr\/boutique\/&#8221;][vc_single_image image=&#8221;8245883&#8243; img_size=&#8221;full&#8221; alignment=&#8221;center&#8221; onclick=&#8221;custom_link&#8221; css_animation=&#8221;left-to-right&#8221; link=&#8221;https:\/\/bouletboots.com\/fr\/detaillants\/&#8221;][\/vc_column][vc_column width=&#8221;1\/4&#8243;][vc_single_image image=&#8221;8246268&#8243; img_size=&#8221;full&#8221; alignment=&#8221;center&#8221; onclick=&#8221;custom_link&#8221; css_animation=&#8221;appear&#8221; link=&#8221;https:\/\/bouletboots.com\/fr\/categorie-produit\/casquettes\/&#8221;][\/vc_column][vc_column width=&#8221;1\/4&#8243;][vc_single_image image=&#8221;8245879&#8243; img_size=&#8221;full&#8221; alignment=&#8221;center&#8221; onclick=&#8221;custom_link&#8221; css_animation=&#8221;appear&#8221; link=&#8221;https:\/\/bouletboots.com\/fr\/categorie-produit\/classiques\/&#8221;][\/vc_column][vc_column width=&#8221;1\/4&#8243;][vc_single_image image=&#8221;11132756&#8243; img_size=&#8221;full&#8221; alignment=&#8221;center&#8221; onclick=&#8221;custom_link&#8221; css_animation=&#8221;appear&#8221; link=&#8221;https:\/\/bouletboots.com\/fr\/categorie-produit\/bottes-denfants\/&#8221;][\/vc_column][\/vc_row][vc_row gap=&#8221;10&#8243; equal_height=&#8221;yes&#8221; content_placement=&#8221;middle&#8221; [&hellip;]\" \/>\n<meta property=\"og:url\" content=\"https:\/\/bouletboots.com\/fr\/home\/\" \/>\n<meta property=\"og:site_name\" content=\"Boulet Boots\u00ae\" \/>\n<meta property=\"article:modified_time\" content=\"2025-05-06T18:41:42+00:00\" \/>\n<meta name=\"twitter:card\" content=\"summary_large_image\" \/>\n<meta name=\"twitter:label1\" content=\"Dur\u00e9e de lecture estim\u00e9e\" \/>\n\t<meta name=\"twitter:data1\" content=\"3 minutes\" \/>\n<script type=\"application\/ld+json\" class=\"yoast-schema-graph\">{\"@context\":\"https:\/\/schema.org\",\"@graph\":[{\"@type\":\"WebPage\",\"@id\":\"https:\/\/bouletboots.com\/fr\/home\/\",\"url\":\"https:\/\/bouletboots.com\/fr\/home\/\",\"name\":\"Bottes Cowboy \/ Western | 100% fabriqu\u00e9 \u00e0 la main | Boulet Boots\u00ae\",\"isPartOf\":{\"@id\":\"https:\/\/bouletboots.com\/fr\/#website\"},\"datePublished\":\"2019-10-16T12:25:14+00:00\",\"dateModified\":\"2025-05-06T18:41:42+00:00\",\"breadcrumb\":{\"@id\":\"https:\/\/bouletboots.com\/fr\/home\/#breadcrumb\"},\"inLanguage\":\"fr-FR\",\"potentialAction\":[{\"@type\":\"ReadAction\",\"target\":[\"https:\/\/bouletboots.com\/fr\/home\/\"]}]},{\"@type\":\"BreadcrumbList\",\"@id\":\"https:\/\/bouletboots.com\/fr\/home\/#breadcrumb\",\"itemListElement\":[{\"@type\":\"ListItem\",\"position\":1,\"name\":\"Accueil\",\"item\":\"https:\/\/bouletboots.com\/fr\/home\/\"},{\"@type\":\"ListItem\",\"position\":2,\"name\":\"Accueil\"}]},{\"@type\":\"WebSite\",\"@id\":\"https:\/\/bouletboots.com\/fr\/#website\",\"url\":\"https:\/\/bouletboots.com\/fr\/\",\"name\":\"Boulet Boots\u00ae\",\"description\":\"High Quality Cowboy Boots\",\"potentialAction\":[{\"@type\":\"SearchAction\",\"target\":{\"@type\":\"EntryPoint\",\"urlTemplate\":\"https:\/\/bouletboots.com\/fr\/?s={search_term_string}\"},\"query-input\":\"required name=search_term_string\"}],\"inLanguage\":\"fr-FR\"}]}<\/script>\n<!-- \/ Yoast SEO plugin. -->","yoast_head_json":{"title":"Bottes Cowboy \/ Western | 100% fabriqu\u00e9 \u00e0 la main | Boulet Boots\u00ae","robots":{"index":"index","follow":"follow","max-snippet":"max-snippet:-1","max-image-preview":"max-image-preview:large","max-video-preview":"max-video-preview:-1"},"canonical":"https:\/\/bouletboots.com\/fr\/home\/","og_locale":"fr_FR","og_type":"article","og_title":"Bottes Cowboy \/ Western | 100% fabriqu\u00e9 \u00e0 la main | Boulet Boots\u00ae","og_description":"[vc_row full_width=&#8221;stretch_row_content_no_spaces&#8221;][vc_column][rev_slider_vc alias=&#8221;home&#8221;][\/vc_column][\/vc_row][vc_row full_width=&#8221;stretch_row&#8221; isfullwidth=&#8221;1&#8243; css=&#8221;.vc_custom_1573135682636{padding-top: 30px !important;padding-bottom: 30px !important;background-image: url(https:\/\/bouletboots.com\/wp-content\/uploads\/2019\/10\/bg-box-image.jpg?id=14) !important;background-position: 0 0 !important;background-repeat: repeat !important;}&#8221; el_id=&#8221;section-sevice-home&#8221;][vc_column width=&#8221;1\/4&#8243;][vc_single_image image=&#8221;8246051&#8243; img_size=&#8221;full&#8221; alignment=&#8221;center&#8221; onclick=&#8221;custom_link&#8221; css_animation=&#8221;right-to-left&#8221; link=&#8221;https:\/\/bouletboots.com\/fr\/boutique\/&#8221;][vc_single_image image=&#8221;8245883&#8243; img_size=&#8221;full&#8221; alignment=&#8221;center&#8221; onclick=&#8221;custom_link&#8221; css_animation=&#8221;left-to-right&#8221; link=&#8221;https:\/\/bouletboots.com\/fr\/detaillants\/&#8221;][\/vc_column][vc_column width=&#8221;1\/4&#8243;][vc_single_image image=&#8221;8246268&#8243; img_size=&#8221;full&#8221; alignment=&#8221;center&#8221; onclick=&#8221;custom_link&#8221; css_animation=&#8221;appear&#8221; link=&#8221;https:\/\/bouletboots.com\/fr\/categorie-produit\/casquettes\/&#8221;][\/vc_column][vc_column width=&#8221;1\/4&#8243;][vc_single_image image=&#8221;8245879&#8243; img_size=&#8221;full&#8221; alignment=&#8221;center&#8221; onclick=&#8221;custom_link&#8221; css_animation=&#8221;appear&#8221; link=&#8221;https:\/\/bouletboots.com\/fr\/categorie-produit\/classiques\/&#8221;][\/vc_column][vc_column width=&#8221;1\/4&#8243;][vc_single_image image=&#8221;11132756&#8243; img_size=&#8221;full&#8221; alignment=&#8221;center&#8221; onclick=&#8221;custom_link&#8221; css_animation=&#8221;appear&#8221; link=&#8221;https:\/\/bouletboots.com\/fr\/categorie-produit\/bottes-denfants\/&#8221;][\/vc_column][\/vc_row][vc_row gap=&#8221;10&#8243; equal_height=&#8221;yes&#8221; content_placement=&#8221;middle&#8221; [&hellip;]","og_url":"https:\/\/bouletboots.com\/fr\/home\/","og_site_name":"Boulet Boots\u00ae","article_modified_time":"2025-05-06T18:41:42+00:00","twitter_card":"summary_large_image","twitter_misc":{"Dur\u00e9e de lecture estim\u00e9e":"3 minutes"},"schema":{"@context":"https:\/\/schema.org","@graph":[{"@type":"WebPage","@id":"https:\/\/bouletboots.com\/fr\/home\/","url":"https:\/\/bouletboots.com\/fr\/home\/","name":"Bottes Cowboy \/ Western | 100% fabriqu\u00e9 \u00e0 la main | Boulet Boots\u00ae","isPartOf":{"@id":"https:\/\/bouletboots.com\/fr\/#website"},"datePublished":"2019-10-16T12:25:14+00:00","dateModified":"2025-05-06T18:41:42+00:00","breadcrumb":{"@id":"https:\/\/bouletboots.com\/fr\/home\/#breadcrumb"},"inLanguage":"fr-FR","potentialAction":[{"@type":"ReadAction","target":["https:\/\/bouletboots.com\/fr\/home\/"]}]},{"@type":"BreadcrumbList","@id":"https:\/\/bouletboots.com\/fr\/home\/#breadcrumb","itemListElement":[{"@type":"ListItem","position":1,"name":"Accueil","item":"https:\/\/bouletboots.com\/fr\/home\/"},{"@type":"ListItem","position":2,"name":"Accueil"}]},{"@type":"WebSite","@id":"https:\/\/bouletboots.com\/fr\/#website","url":"https:\/\/bouletboots.com\/fr\/","name":"Boulet Boots\u00ae","description":"High Quality Cowboy Boots","potentialAction":[{"@type":"SearchAction","target":{"@type":"EntryPoint","urlTemplate":"https:\/\/bouletboots.com\/fr\/?s={search_term_string}"},"query-input":"required name=search_term_string"}],"inLanguage":"fr-FR"}]}},"_links":{"self":[{"href":"https:\/\/bouletboots.com\/fr\/wp-json\/wp\/v2\/pages\/97"}],"collection":[{"href":"https:\/\/bouletboots.com\/fr\/wp-json\/wp\/v2\/pages"}],"about":[{"href":"https:\/\/bouletboots.com\/fr\/wp-json\/wp\/v2\/types\/page"}],"author":[{"embeddable":true,"href":"https:\/\/bouletboots.com\/fr\/wp-json\/wp\/v2\/users\/1"}],"replies":[{"embeddable":true,"href":"https:\/\/bouletboots.com\/fr\/wp-json\/wp\/v2\/comments?post=97"}],"version-history":[{"count":48,"href":"https:\/\/bouletboots.com\/fr\/wp-json\/wp\/v2\/pages\/97\/revisions"}],"predecessor-version":[{"id":8246526,"href":"https:\/\/bouletboots.com\/fr\/wp-json\/wp\/v2\/pages\/97\/revisions\/8246526"}],"wp:attachment":[{"href":"https:\/\/bouletboots.com\/fr\/wp-json\/wp\/v2\/media?parent=97"}],"curies":[{"name":"wp","href":"https:\/\/api.w.org\/{rel}","templated":true}]}}