{"id":17821,"date":"2019-12-20T17:36:13","date_gmt":"2020-01-10T22:01:56","guid":{"rendered":"https:\/\/bouletboots.com\/our-boots\/2131\/"},"modified":"2026-05-07T09:11:08","modified_gmt":"2026-05-07T13:11:08","slug":"2131","status":"publish","type":"product","link":"https:\/\/bouletboots.com\/fr\/produit\/2131\/","title":{"rendered":"2131"},"content":{"rendered":"","protected":false},"excerpt":{"rendered":"","protected":false},"featured_media":1966366,"template":"","meta":[],"product_cat":[1191,1187],"product_tag":[],"yoast_head":"<!-- This site is optimized with the Yoast SEO plugin v22.4 - https:\/\/yoast.com\/wordpress\/plugins\/seo\/ -->\n<title>2131 | Boulet Boots\u00ae<\/title>\n<meta name=\"robots\" content=\"index, follow, max-snippet:-1, max-image-preview:large, max-video-preview:-1\" \/>\n<link rel=\"canonical\" href=\"https:\/\/bouletboots.com\/fr\/produit\/2131\/\" \/>\n<meta property=\"og:locale\" content=\"fr_FR\" \/>\n<meta property=\"og:type\" content=\"article\" \/>\n<meta property=\"og:title\" content=\"2131 | Boulet Boots\u00ae\" \/>\n<meta property=\"og:url\" content=\"https:\/\/bouletboots.com\/fr\/produit\/2131\/\" \/>\n<meta property=\"og:site_name\" content=\"Boulet Boots\u00ae\" \/>\n<meta property=\"article:modified_time\" content=\"2026-05-07T13:11:08+00:00\" \/>\n<meta property=\"og:image\" content=\"https:\/\/bouletboots.com\/wp-content\/uploads\/2019\/12\/2131.jpg\" \/>\n\t<meta property=\"og:image:width\" content=\"811\" \/>\n\t<meta property=\"og:image:height\" content=\"1200\" \/>\n\t<meta property=\"og:image:type\" content=\"image\/jpeg\" \/>\n<meta name=\"twitter:card\" content=\"summary_large_image\" \/>\n<script type=\"application\/ld+json\" class=\"yoast-schema-graph\">{\"@context\":\"https:\/\/schema.org\",\"@graph\":[{\"@type\":\"WebPage\",\"@id\":\"https:\/\/bouletboots.com\/fr\/produit\/2131\/\",\"url\":\"https:\/\/bouletboots.com\/fr\/produit\/2131\/\",\"name\":\"2131 | Boulet Boots\u00ae\",\"isPartOf\":{\"@id\":\"https:\/\/bouletboots.com\/fr\/#website\"},\"primaryImageOfPage\":{\"@id\":\"https:\/\/bouletboots.com\/fr\/produit\/2131\/#primaryimage\"},\"image\":{\"@id\":\"https:\/\/bouletboots.com\/fr\/produit\/2131\/#primaryimage\"},\"thumbnailUrl\":\"https:\/\/bouletboots.com\/wp-content\/uploads\/2019\/12\/2131.jpg\",\"datePublished\":\"2020-01-10T22:01:56+00:00\",\"dateModified\":\"2026-05-07T13:11:08+00:00\",\"breadcrumb\":{\"@id\":\"https:\/\/bouletboots.com\/fr\/produit\/2131\/#breadcrumb\"},\"inLanguage\":\"fr-FR\",\"potentialAction\":[{\"@type\":\"ReadAction\",\"target\":[\"https:\/\/bouletboots.com\/fr\/produit\/2131\/\"]}]},{\"@type\":\"ImageObject\",\"inLanguage\":\"fr-FR\",\"@id\":\"https:\/\/bouletboots.com\/fr\/produit\/2131\/#primaryimage\",\"url\":\"https:\/\/bouletboots.com\/wp-content\/uploads\/2019\/12\/2131.jpg\",\"contentUrl\":\"https:\/\/bouletboots.com\/wp-content\/uploads\/2019\/12\/2131.jpg\",\"width\":811,\"height\":1200,\"caption\":\"Nom du fichier : DSCN0642.TIF Taille du fichier : 14.2MB (14858569 octets) Date : Fri, May 14, 2004 2:52:42 PM Taille de l'image : 2560 x 1920 pixels R\u00e9solution : 300 x 300 ppp Profondeur en bits : 8 bits\/canal Attribut de protection : D\u00e9sactiv\u00e9 ID de l'appareil : N\/A Appareil : E5000 Mode de qualit\u00e9 : HI (RVB non compress\u00e9) Mode de mesure : Multizones Mode d'exposition : Programme Auto Speed Light : Oui Distance Focale : 21.4 mm Vitesse d'obturation : 1\/142.2 secondes Ouverture : F4.8 Correction d'exposition : 0.0 IL Balance des blancs : Auto Objectif : Int\u00e9gr\u00e9 Mode Synchro-Flash : Premier Rideau Diff\u00e9rence d'exposition : N\/A Programme D\u00e9calable : N\/A Sensibilit\u00e9 : Auto Renforcement de la nettet\u00e9 : Auto Type d'image : Couleur Mode Couleur : N\/A Saturation : N\/A Contr\u00f4le Saturation : 0 Compensation des tons : Auto Latitude (GPS) : N\/A Longitude (GPS) : N\/A Altitude (GPS) : N\/A\"},{\"@type\":\"BreadcrumbList\",\"@id\":\"https:\/\/bouletboots.com\/fr\/produit\/2131\/#breadcrumb\",\"itemListElement\":[{\"@type\":\"ListItem\",\"position\":1,\"name\":\"Accueil\",\"item\":\"https:\/\/bouletboots.com\/fr\/home\/\"},{\"@type\":\"ListItem\",\"position\":2,\"name\":\"Nos bottes\",\"item\":\"https:\/\/bouletboots.com\/fr\/boutique\/\"},{\"@type\":\"ListItem\",\"position\":3,\"name\":\"2131\"}]},{\"@type\":\"WebSite\",\"@id\":\"https:\/\/bouletboots.com\/fr\/#website\",\"url\":\"https:\/\/bouletboots.com\/fr\/\",\"name\":\"Boulet Boots\u00ae\",\"description\":\"High Quality Cowboy Boots\",\"potentialAction\":[{\"@type\":\"SearchAction\",\"target\":{\"@type\":\"EntryPoint\",\"urlTemplate\":\"https:\/\/bouletboots.com\/fr\/?s={search_term_string}\"},\"query-input\":\"required name=search_term_string\"}],\"inLanguage\":\"fr-FR\"}]}<\/script>\n<!-- \/ Yoast SEO plugin. -->","yoast_head_json":{"title":"2131 | Boulet Boots\u00ae","robots":{"index":"index","follow":"follow","max-snippet":"max-snippet:-1","max-image-preview":"max-image-preview:large","max-video-preview":"max-video-preview:-1"},"canonical":"https:\/\/bouletboots.com\/fr\/produit\/2131\/","og_locale":"fr_FR","og_type":"article","og_title":"2131 | Boulet Boots\u00ae","og_url":"https:\/\/bouletboots.com\/fr\/produit\/2131\/","og_site_name":"Boulet Boots\u00ae","article_modified_time":"2026-05-07T13:11:08+00:00","og_image":[{"width":811,"height":1200,"url":"https:\/\/bouletboots.com\/wp-content\/uploads\/2019\/12\/2131.jpg","type":"image\/jpeg"}],"twitter_card":"summary_large_image","schema":{"@context":"https:\/\/schema.org","@graph":[{"@type":"WebPage","@id":"https:\/\/bouletboots.com\/fr\/produit\/2131\/","url":"https:\/\/bouletboots.com\/fr\/produit\/2131\/","name":"2131 | Boulet Boots\u00ae","isPartOf":{"@id":"https:\/\/bouletboots.com\/fr\/#website"},"primaryImageOfPage":{"@id":"https:\/\/bouletboots.com\/fr\/produit\/2131\/#primaryimage"},"image":{"@id":"https:\/\/bouletboots.com\/fr\/produit\/2131\/#primaryimage"},"thumbnailUrl":"https:\/\/bouletboots.com\/wp-content\/uploads\/2019\/12\/2131.jpg","datePublished":"2020-01-10T22:01:56+00:00","dateModified":"2026-05-07T13:11:08+00:00","breadcrumb":{"@id":"https:\/\/bouletboots.com\/fr\/produit\/2131\/#breadcrumb"},"inLanguage":"fr-FR","potentialAction":[{"@type":"ReadAction","target":["https:\/\/bouletboots.com\/fr\/produit\/2131\/"]}]},{"@type":"ImageObject","inLanguage":"fr-FR","@id":"https:\/\/bouletboots.com\/fr\/produit\/2131\/#primaryimage","url":"https:\/\/bouletboots.com\/wp-content\/uploads\/2019\/12\/2131.jpg","contentUrl":"https:\/\/bouletboots.com\/wp-content\/uploads\/2019\/12\/2131.jpg","width":811,"height":1200,"caption":"Nom du fichier : DSCN0642.TIF Taille du fichier : 14.2MB (14858569 octets) Date : Fri, May 14, 2004 2:52:42 PM Taille de l'image : 2560 x 1920 pixels R\u00e9solution : 300 x 300 ppp Profondeur en bits : 8 bits\/canal Attribut de protection : D\u00e9sactiv\u00e9 ID de l'appareil : N\/A Appareil : E5000 Mode de qualit\u00e9 : HI (RVB non compress\u00e9) Mode de mesure : Multizones Mode d'exposition : Programme Auto Speed Light : Oui Distance Focale : 21.4 mm Vitesse d'obturation : 1\/142.2 secondes Ouverture : F4.8 Correction d'exposition : 0.0 IL Balance des blancs : Auto Objectif : Int\u00e9gr\u00e9 Mode Synchro-Flash : Premier Rideau Diff\u00e9rence d'exposition : N\/A Programme D\u00e9calable : N\/A Sensibilit\u00e9 : Auto Renforcement de la nettet\u00e9 : Auto Type d'image : Couleur Mode Couleur : N\/A Saturation : N\/A Contr\u00f4le Saturation : 0 Compensation des tons : Auto Latitude (GPS) : N\/A Longitude (GPS) : N\/A Altitude (GPS) : N\/A"},{"@type":"BreadcrumbList","@id":"https:\/\/bouletboots.com\/fr\/produit\/2131\/#breadcrumb","itemListElement":[{"@type":"ListItem","position":1,"name":"Accueil","item":"https:\/\/bouletboots.com\/fr\/home\/"},{"@type":"ListItem","position":2,"name":"Nos bottes","item":"https:\/\/bouletboots.com\/fr\/boutique\/"},{"@type":"ListItem","position":3,"name":"2131"}]},{"@type":"WebSite","@id":"https:\/\/bouletboots.com\/fr\/#website","url":"https:\/\/bouletboots.com\/fr\/","name":"Boulet Boots\u00ae","description":"High Quality Cowboy Boots","potentialAction":[{"@type":"SearchAction","target":{"@type":"EntryPoint","urlTemplate":"https:\/\/bouletboots.com\/fr\/?s={search_term_string}"},"query-input":"required name=search_term_string"}],"inLanguage":"fr-FR"}]}},"_links":{"self":[{"href":"https:\/\/bouletboots.com\/fr\/wp-json\/wp\/v2\/product\/17821"}],"collection":[{"href":"https:\/\/bouletboots.com\/fr\/wp-json\/wp\/v2\/product"}],"about":[{"href":"https:\/\/bouletboots.com\/fr\/wp-json\/wp\/v2\/types\/product"}],"wp:featuredmedia":[{"embeddable":true,"href":"https:\/\/bouletboots.com\/fr\/wp-json\/wp\/v2\/media\/1966366"}],"wp:attachment":[{"href":"https:\/\/bouletboots.com\/fr\/wp-json\/wp\/v2\/media?parent=17821"}],"wp:term":[{"taxonomy":"product_cat","embeddable":true,"href":"https:\/\/bouletboots.com\/fr\/wp-json\/wp\/v2\/product_cat?post=17821"},{"taxonomy":"product_tag","embeddable":true,"href":"https:\/\/bouletboots.com\/fr\/wp-json\/wp\/v2\/product_tag?post=17821"}],"curies":[{"name":"wp","href":"https:\/\/api.w.org\/{rel}","templated":true}]}}